{"id":48,"date":"2018-10-14T13:17:53","date_gmt":"2018-10-14T13:17:53","guid":{"rendered":"http:\/\/www.isocar.ro\/martasgift\/?page_id=48"},"modified":"2018-10-24T18:20:43","modified_gmt":"2018-10-24T18:20:43","slug":"politica-de-confidentialitate","status":"publish","type":"page","link":"https:\/\/www.egoodies.ro\/martasgift\/politica-de-confidentialitate\/","title":{"rendered":"Politic\u0103 de confiden\u021bialitate"},"content":{"rendered":"<p>Informarea corect\u0103 a utilizatorilor acestui site este important\u0103 pentru noi, motiv pentru care o s\u0103 explic\u0103m \u00een cele ce urmeaz\u0103, care sunt datele colectate de la dumneavoastr\u0103, cum vor fi folosite aceste date, scopul utiliz\u0103rii acestora \u0219i care sunt drepturile dumneavoastr\u0103 in acest context.<\/p>\n<p>Compania noastr\u0103 s-a conformat prevederilor Regulamentului UE 2016\/679 (GDPR) sub toate aspectele legale introduse \u00een noua reglementare, cu respectarea principiilor referitoare la datele cu caracter personal.<\/p>\n<p>Prin Date personale ne referim la orice informa\u021bie care ne poate duce, direct sau indirect, la identificarea unei persoane. Sunt incluse \u00een date personale: Numele, orice Numar de Identificare, orice informa\u021bii despre Localizare \u0219i orice alt identificator online, precum dispozitivul folosit pentru accesarea internetului, adresa IP sau informa\u021bii primite prin cookie-uri.<\/p>\n<p>\u00cen ceea ce priveste consimt\u0103m\u00e2ntul, \u00een contextul colect\u0103rii \u0219i folosirii datelor dumneavoastr\u0103, ne-am asigurat cu privire la luarea tuturor m\u0103surilor tehnice pentru ca a ne oferi acordul\/consimtamantul \u00een deplin\u0103 cuno\u0219tin\u021b\u0103 de cauz\u0103, de la prima \u0219i p\u00e2n\u0103 la ultima interac\u021biune cu site-ul\u00a0<a href=\"http:\/\/www.egoodies.ro\/\">www.egoodies.ro<\/a>.<\/p>\n<p><strong>Protectia datelor dumneavoastr\u0103:<\/strong><\/p>\n<p>Scopul nostru este de a respecta noile reguli de protec\u021bie a datelor cu caracter personal. A\u0219adar, v\u0103 promitem ca siguran\u021ba datelor personale ale dumneavoastr\u0103 este o prioritate pentru noi. Folosim aceste date pentru a v\u0103 oferi o experien\u021b\u0103 personalizat\u0103 pe site-ul nostru, pentru facturare \u0219i livrarea produselor, pentru informa\u021bii privind evolu\u021bia \u0219i starea comenzilor pe care le-a\u021bi plasat, evaluarea produselor \u0219i serviciilor, de marketing, de publicitate, de media, administrative, de dezvoltare, de urmarire si monitorizare a v\u00e2nz\u0103rilor, promovarea produselor pe platformele folosite (Facebook si Google).<\/p>\n<p><strong>Cum folosim datele:<\/strong><\/p>\n<p><em>Adresa de email<\/em><\/p>\n<p>Pentru crearea unui cont pe\u00a0<a href=\"http:\/\/www.egoodies.ro\/\">www.egoodies.ro<\/a>, utilizatorul trebuie s\u0103 foloseasc\u0103 o adresa de email valid\u0103. \u00cen cazul \u00een care ne-a\u021bi furnizat adresa de email, acesta ne este necesara pentru a-v\u0103 trimite confirmarea comenzii plasate, statusul comenzilor. Ulterior, adresa de e-mail o vom folosi pentru reclam\u0103, marketing, publicitate, statistic\u0103, servicii de comunica\u021bii electronice, inform\u0103ri privind situa\u021bia contului, email-uri de informare cu privire la produsele \u0219i serviciile noastre, dar si la articolele \u0219i resursele pe care le public\u0103m periodic pe acest site;<\/p>\n<p><em>Prenumele si Numele<\/em><\/p>\n<p>Aceste date ne sunt necesare pentru inregistrarea unui cont real \u0219i pentru personalizarea facturilor ce vor fi emise ca urmare a finaliz\u0103rii comenzilor. De asemenea, ne sunt necesare pentru a fi livrate catre dumneavoastr\u0103 produsele comandate \u0219i \u00a0a nu se crea confuzii cu privire la destinatar. De asemenea, folosim aceste date pentru a personaliza comenzile, pentru a \u00eencheia contractul de v\u00e2nzare de produse \u0219i personalizarea email-urilor de marketing.<\/p>\n<p><em>Numarul de telefon<\/em><\/p>\n<p>In cazul \u00een care ne-a\u021bi furnizat Numarul de Telefon, folosim aceste date pentru a v\u0103 putea contacta rapid \u00een legatur\u0103 cu starea produsele comandate \u0219i contactarea curierului la momentul livr\u0103rii comenzii. Num\u0103rul de telefon, poate fi folosit \u0219i \u00een campaniile de sms\/marketing.<\/p>\n<p><em>Datele de facturare<\/em><\/p>\n<p>Daca ne-a\u021bi furnizat datele de facturare (CNP, CUI, Numarul de \u00cenregistrare la Registrul Comertului, Adresa Sediului Firmei, Contul Bancar, Numele B\u0103ncii, Numele Reprezentantului Legal, Func\u021bia Reprezentantului Legal), vom folosi aceste informa\u021bii pentru a emite facturile care atesta \u00eencheierea v\u00e2nz\u0103rii \u00eentre p\u0103rtile contractante.<\/p>\n<p><em>Datele despre browser\/IP\/dispozitiv<\/em><\/p>\n<p>\u00cen cazul \u00een care v-a\u021bi exprimat acordul de colectare a informatiilor despre Browser, IP, Dispozitiv, folosim aceste date pentru a determina cum folosi\u021bi acest site, scopul fiind pentru implementarea schimb\u0103rile necesare pentru a g\u0103si mai usor informa\u021biile c\u0103utate.<\/p>\n<p><em>Concluzie<\/em><\/p>\n<p>Am luat toate masurile tehnice pentru a nu fi obligat sa ne furniza\u021bi niciun fel de date (totul e optional), dar e bine de stiut c\u0103 f\u0103ra ele e imposibil\u0103 comandarea produselor, fiind de asemenea posibil ca anumite p\u0103rti din site sa nu functioneze corect, s\u0103 nu putem colabora, sau sa nu v\u0103 putem anunta cu privire la produsele sau serviciile de care a\u021bi putea fi interesat.<\/p>\n<p><strong>\u00a0<\/strong><\/p>\n<p>Nu trebuie s\u0103 ne oferi\u021bi\u00a0 nici una informa\u021biile personale, daca nu dori\u021bi. Ins\u0103, dac\u0103 nu ve\u021bi face acest lucru, e posibil s\u0103 nu pute\u021bi cump\u0103ra de pe site \u0219i este pu\u021bin probabil s\u0103 primi\u021bi experien\u021ba noastr\u0103 optim\u0103 pe care o \u00eempartasim clien\u021bilor. Dar dac\u0103 asta este alegerea dumneavoastr\u0103,\u00a0 noi respect\u0103m asta.<\/p>\n<p>&nbsp;<\/p>\n<p><strong>Partajarea datelor tale:<\/strong><\/p>\n<p>&nbsp;<\/p>\n<p>Nu am v\u00e2ndut, nu vindem \u0219i nu vom vinde niciodat\u0103 datele dumneavoastr\u0103 c\u0103tre ter\u021be p\u0103r\u021bi. Oferim servicii care se bazeaz\u0103 pe \u00eencrederea clien\u021bilor \u0219i a poten\u021bialilor clien\u021bi, iar siguran\u021ba datelor personale este esen\u021bial\u0103 \u00een acest proces.<\/p>\n<p>Singurele entit\u0103ti care au acces la datele utilizatorilor acestui site sunt agen\u021biile sau furnizorii cu care colabor\u0103m \u00een baza unor contracte ce con\u021bin clauze de confiden\u021bialitate, f\u0103r\u0103 de care nu ne-am putea desf\u0103\u0219ura activitatea \u0219i, \u00een cazuri excep\u021bionale \u0219i doar pe baza unor cereri oficiale, institu\u021biile publice care aplic\u0103 legea \u00een Rom\u00e2nia.<\/p>\n<p>De asemenea, anonimiz\u0103m \u0219i agreg\u0103m informa\u021biile personale (astfel \u00eenc\u00e2t acestea s\u0103 nu v\u0103 identifice) \u0219i s\u0103 le folosim \u00een scopuri, inclusiv testarea sistemelor IT, cercetare, analiza datelor, \u00eembun\u0103t\u0103\u021birea site-ului \u0219i a aplica\u021biei \u0219i dezvoltarea de noi produse \u0219i servicii.<\/p>\n<p>Furnizorii de servicii cu care colaboram pentru a ne desfasura activitatea sunt:<\/p>\n<p><em>Easyhost SRL\u00a0\u2013 furnizor servicii de gazduire si administrare server<\/em><\/p>\n<p><em>Crash 3.0 SRL-D\u00a0\u2013 agentie marketing digital<\/em><\/p>\n<p><em>Google Analytics\u00a0\u2013 analiza traficului pe site<\/em><\/p>\n<p><em>Mailchimp.com\u00a0\u2013 gestionarea listei de abonati la Newsletter si trimiterea Newsletterului\u00a0<\/em><\/p>\n<p><em>Google Adsense \/ Doubleclick\u00a0\u2013 servicii de furnizare de reclama<\/em><\/p>\n<p><em>Facebook, Google Plus, Twitter\u00a0\u2013 retele sociale si servicii de promovare in Social Media<\/em><\/p>\n<p><em>Google Maps API\u00a0\u2013 afisarea Hartii Fotografilor si a siteurilor inscrise pe harta<\/em><\/p>\n<p>&nbsp;<\/p>\n<p><strong>Mesaje marketing<\/strong><\/p>\n<p>\u00cen cazul \u00een care avem acordul dumneavoastr\u0103, v\u0103 vom trimite, prin email, mesaje de marketing, prin e-mail, prin SMS, cu scopul de a v\u0103 informa despre produsele noastre \u0219i promotiile pe care urmeaz\u0103 s\u0103 le organiz\u0103m, despre articolele noi publicate pe acest site \u0219i despre articole utile publicate pe alte site-uri de pe internet si pentru a v\u0103 \u021bine la curent cu ceea ce facem.<\/p>\n<p>Dezabonare de la newsletter<\/p>\n<p>V\u0103 puteti dezabona de la newsletter oricand ve\u021bi dori, prin click pe link-ul de dezabonare din orice newsletter primit deja de la noi;<\/p>\n<p>\u00cen acest context ne vom asigura c\u0103 nu ve\u021bi mai primi mesajele noastre de marketing prin email. \u00cen cazul \u00een care sistemul automat nu functioneaz\u0103, v\u0103 rugam s\u0103 ne transmiteti o solicitare pe adresa de email marketing@egoodies.ro.Orice solicitare \u00een acest sens va fi rezolvat\u0103 \u00een maxim 48h de la primire<\/p>\n<p><strong>Publicitate on-line<\/strong><\/p>\n<p>Desf\u0103\u0219ur\u0103m campanii de publicitate online pentru informarea dumeavoastr\u0103 \u00een legatura cu produsele \u0219i serviciile pe care le oferim \u0219i\/sau despre articolele publicate pe acest site.<\/p>\n<p>\u00cen acest context folosim dou\u0103 re\u021bele de publicitate \u2013 Facebook \u0219i Google\/DoubleClick, precum \u0219i mai multe tehnici de adresare a utilizatorilor \u00een cadrul campaniilor \u2013\u00a0 pe baza datelor demografice (sex, v\u00e2rst\u0103, repartizare geografic\u0103, proximitate), sau\u00a0 a intereselor. Aceste informa\u021bii le obtinem prin intermediul re\u021belelor amintite mai sus.<\/p>\n<p>De multe ori, reclamele noastre, pe care le vedeti pe alte site-uri, sunt afi\u0219ate pe baza informatiilor pe care noi le avem despre tine (spre exemplu, c\u00e2nd vizitezi pagina, vei fi adresat apoi, pe Facebook sau \u00een re\u021beaua de parteneri Google, cu reclam\u0103 la produse\/servicii auxiliare).<\/p>\n<p>&nbsp;<\/p>\n<p><strong>Drepturile tale in contextul datelor:<\/strong><\/p>\n<p>Iata care sunt drepturile dumeavoastr\u0103 \u00een contextul colectarii si prelucrarii datelor.<\/p>\n<p>1. Dreptul de a fi informat cu privire la modul \u00een care sunt utilizate informa\u021biile tale personale.<\/p>\n<p>2. Dreptul de acces la informa\u021biile personale pe care le de\u021binem despre tine.<\/p>\n<p>3. Dreptul de a solicita corectarea unor informa\u021bii personale inexacte pe care le de\u021binem despre dumeavoastr\u0103 (de\u0219i probabil c\u0103 pute\u021bi face cea mai mare parte a acestora prin Contul meu).<\/p>\n<p>4. Dreptul de a solicita ca \u00een anumite circumstan\u021be s\u0103 \u0219tergem datele dumeavoastr\u0103 sau s\u0103 nu le proces\u0103m sau s\u0103 le colect\u0103m<\/p>\n<p>5. Dreptul de a opri mesajele de marketing direct \u0219i de a retrage \u00een orice moment consim\u021b\u0103m\u00e2ntul pentru o alt\u0103 prelucrare bazat\u0103 pe consim\u021b\u0103m\u00e2nt.<\/p>\n<p>6. Dreptul de a solicita s\u0103 transfer\u0103m sau s\u0103 port\u0103m elemente ale datelor dumeavoastr\u0103 fie c\u0103tre dumeavoastr\u0103, fie c\u0103tre un alt furnizor de servicii.<\/p>\n<p>7. Dreptul de a depune o pl\u00e2ngere, cu referire la folosirea datelor dumeavoastr\u0103, c\u0103tre organele abilitate.<\/p>\n<p><strong>Modific\u0103ri ale modului \u00een care ne protej\u0103m confiden\u021bialitatea<\/strong><\/p>\n<p>Este posibil s\u0103 modific\u0103m din c\u00e2nd \u00een c\u00e2nd aceast\u0103 pagin\u0103, pentru a reflecta modul \u00een care proces\u0103m datele dumeavoastr\u0103.<\/p>\n<p>Dac\u0103 vom face modific\u0103ri semnificative, vom face acest lucru clar pe aceasta pagina web sau prin alte mijloace de contact, cum ar fi e-mail, astfel \u00eenc\u00e2t s\u0103 pute\u021bi revizui modific\u0103rile \u00eenainte de a continua utilizarea site-ului.<\/p>\n<p>Dumneavoastr\u0103, \u00een calitate de client sau utilizator, ave\u021bi dreptul de a modifica datele pe care le-a\u021bi declarat ini\u021bial, a\u0219a cum se men\u021bioneaz\u0103 \u0219i categoria drepturilor pe care Regulamentul UE 2016\/679 (GDPR) le-a instituit. Pe site exist\u0103 formulare care v\u0103 vor permite vizualizarea raportului cu privire la datele pe care le avem despre dumneavoastr\u0103, modificarea acestora sau stergerea.<\/p>\n<p>Politica de confidentialitate SC Egoodies Gift Factory SRL se refera doar la datele furnizate voluntar de catre dumneavoastr\u0103, \u00een calitate de client sau utilizator al site-ului.<\/p>\n<p>SC Egoodies Gift Factory SRL se obliga ca datele colectate dumneavoastr\u0103 s\u0103 fie folosite numai \u00een conformitate cu scopurile declarate, a\u0219a cum se men\u021bioneaz\u0103 \u00een cadrul acestei politici de confiden\u021bialitate. Exceptie face situa\u021bia \u00een care transferul\/accesarea\/vizualizarea\/etc este cerut\u0103 de c\u0103tre institu\u021biile abilitate \u00een aceste scopuri si in cazurile reglementate de legisla\u021bia \u00een vigoare la data producerii evenimentului.<\/p>\n<p>&nbsp;<\/p>\n<p><strong>Folosirea cookie-urilor<\/strong><\/p>\n<p>Pe acest site folosim cookie-uri. Pentru mai multe informa\u021bii despre cookie-uri, va rug\u0103m s\u0103 accesati pagina\u00a0<a href=\"file:\/\/\/D:\/IOANA\/Desktop\/GDPR\/pagina-cookie\">dedicat\u0103<\/a>, unde le ve\u021bi g\u0103si grupate pe categorii.<\/p>\n<p>De asemenea, cu un click pe butonul de mai jos pute\u021bi revizui acordul oferit pe acest site pentru acceptarea cookie-urilor.<\/p>\n<p><strong>\u00a0<\/strong><\/p>\n<p><strong>Folosirea cookie-urilor<\/strong><\/p>\n<p>Cookie-ul este un fisier de mici dimensiuni, format din litere si numere, care va fi stocat pe computerul, terminalul mobil sau alte echipamente ale unui utilizator de pe care se acceseaza internetul. Cookie-ul este instalat prin solicitarea emisa de catre un web-server unui browser (ex: Internet Explorer, Chrome) si este complet \u201cpasiv\u201d (nu contine programe software, virusi sau spyware si nu poate accesa informatiile de pe hard driverul utilizatorului).<\/p>\n<p>Utiliz\u0103m cookie-urile c\u00e2nd vizita\u021bi site-ul nostru. Exist\u0103 patru tipuri principale de cookie-uri &#8211; iat\u0103 cum \u0219i de ce le folosim.<\/p>\n<ol>\n<li>cookie-uri de func\u021bionalitate a site-ului &#8211; aceste module cookie iti permit navigarea pe site \u0219i utilizarea func\u021biilor noastre, cum ar fi &#8222;Ad\u0103uga\u021bi \u00een co\u0219&#8221; \u0219i &#8222;Salva\u021bi pentru mai t\u00e2rziu&#8221;.<\/li>\n<li>cookie-uri de analiz\u0103 a site-ului &#8211; aceste module cookie ne permit s\u0103 m\u0103suram \u0219i s\u0103 analiz\u0103m modul \u00een care clien\u021bii no\u0219tri utilizeaz\u0103 site-ul, pentru a-\u0219i \u00eembun\u0103t\u0103\u021bi at\u00e2t func\u021bionalitatea, c\u00e2t \u0219i experien\u021ba dvs. de cump\u0103r\u0103turi.<\/li>\n<li>Cookie-urile preferate de clien\u021bi &#8211; atunci c\u00e2nd naviga\u021bi sau face\u021bi cump\u0103r\u0103turi pe site-ul nostru, aceste cookie-uri \u00ee\u0219i vor aminti preferin\u021bele tale (cum ar fi limba sau loca\u021bia ta), astfel \u00eenc\u00e2t s\u0103 putem face experien\u021ba cump\u0103r\u0103turilor c\u00e2t se poate de fluid\u0103 \u0219i mai personal\u0103 pentru tine.<\/li>\n<li>Cookie-uri de direc\u021bionare sau de publicitate &#8211; aceste module cookie sunt utilizate pentru a difuza anun\u021buri relevante pentru tine. De asemenea, acestea limiteaz\u0103 num\u0103rul de afi\u0219\u0103ri ale unui anun\u021b \u0219i ne ajut\u0103 s\u0103 m\u0103suram eficien\u021ba campaniilor noastre de marketing.<\/li>\n<\/ol>\n<p>&nbsp;<\/p>\n<p><strong>Cum ne contactati:<\/strong><\/p>\n<p>\u00centotdeauna dorim s\u0103 auzim parerile clien\u021bilor no\u0219tri, cu privire la orice aspect legat de site-ul nostru (servicii sau confidentialitate)<\/p>\n<p>Tocmai de aceea, d\u0103c\u0103:<\/p>\n<p><em>Aveti \u00eentreb\u0103ri sau feedback despre acest anun\u021b;<\/em><\/p>\n<p><em>D<\/em>\u0103<em>c<\/em>\u0103<em>\u00a0nu mai doriti s<\/em>\u0103\u00a0<em>folosim informatii despre dumeavoastr<\/em>\u0103<em>;<\/em><\/p>\n<p><em>Dori\u021bi s\u0103 v\u0103 exercitati oricare dintre drepturile din aceasta sectiune, asa cum sunt expuse mai sus sau aveti vreo pl\u00e2ngere,<\/em><\/p>\n<p>V\u0103 rug\u0103m s\u0103 nu ezita\u021bi s\u0103 contactezi echipa noastr\u0103 de asisten\u021b\u0103 pentru clien\u021bi, care iti va r\u0103spunde cu pl\u0103cere la \u00eentreb\u0103rile pe care le ave\u021bi.<\/p>\n<p>Puteti contacta echipa de confiden\u021bialitate la adresa\u00a0<a href=\"mailto:marketing@egoodies.ro\">marketing@egoodies.ro<\/a>\u00a0sau altfel prin intermediul Serviciului de asisten\u021b\u0103 pentru clien\u021bi prin intermediul site-ului.<\/p>\n","protected":false},"excerpt":{"rendered":"Informarea corect\u0103 a utilizatorilor acestui site este important\u0103 pentru noi, motiv pentru care o s\u0103 explic\u0103m \u00een cele ce urmeaz\u0103, care&#8230; <a class=\"view-article\" href=\"https:\/\/www.egoodies.ro\/martasgift\/politica-de-confidentialitate\/\">Vezi Articol<\/a>","protected":false},"author":1,"featured_media":0,"parent":0,"menu_order":0,"comment_status":"closed","ping_status":"closed","template":"","meta":{"_acf_changed":false,"footnotes":""},"class_list":["post-48","page","type-page","status-publish","hentry"],"acf":[],"_links":{"self":[{"href":"https:\/\/www.egoodies.ro\/martasgift\/wp-json\/wp\/v2\/pages\/48","targetHints":{"allow":["GET"]}}],"collection":[{"href":"https:\/\/www.egoodies.ro\/martasgift\/wp-json\/wp\/v2\/pages"}],"about":[{"href":"https:\/\/www.egoodies.ro\/martasgift\/wp-json\/wp\/v2\/types\/page"}],"author":[{"embeddable":true,"href":"https:\/\/www.egoodies.ro\/martasgift\/wp-json\/wp\/v2\/users\/1"}],"replies":[{"embeddable":true,"href":"https:\/\/www.egoodies.ro\/martasgift\/wp-json\/wp\/v2\/comments?post=48"}],"version-history":[{"count":2,"href":"https:\/\/www.egoodies.ro\/martasgift\/wp-json\/wp\/v2\/pages\/48\/revisions"}],"predecessor-version":[{"id":228,"href":"https:\/\/www.egoodies.ro\/martasgift\/wp-json\/wp\/v2\/pages\/48\/revisions\/228"}],"wp:attachment":[{"href":"https:\/\/www.egoodies.ro\/martasgift\/wp-json\/wp\/v2\/media?parent=48"}],"curies":[{"name":"wp","href":"https:\/\/api.w.org\/{rel}","templated":true}]}}