{"id":1212,"date":"2022-03-10T10:52:35","date_gmt":"2022-03-10T10:52:35","guid":{"rendered":"https:\/\/www.egoodies.ro\/martasgift\/?post_type=product&#038;p=1212"},"modified":"2023-10-16T11:10:15","modified_gmt":"2023-10-16T11:10:15","slug":"rafinament-de-paste","status":"publish","type":"product","link":"https:\/\/www.egoodies.ro\/martasgift\/rafinament-de-paste\/","title":{"rendered":"Rafinament de Pa\u0219te"},"content":{"rendered":"\r\n<p>Cadoul con\u021bine:<\/p>\r\n<p>Vin alb spumant brut, Daos, Crama Bostavan, 750 ml<\/p>\r\n<p>Praline artizanale premium, din ciocolat\u0103 fin\u0103, belgian\u0103, cu diverse umpluturi, 120 g<\/p>\r\n<p>Crem\u0103 onctuoas\u0103 \u0219i delicioas\u0103 de caramel s\u0103rat, \u00een borcan de sticl\u0103, 250 g<\/p>\r\n<p>Fursecuri delicioase cu fulgi de cocos, cu glazur\u0103 de ciocolat\u0103, 200 g<\/p>\r\n<p>Biscuiti cu unt \u00een form\u0103 de flori, 150 g, perfecte pentru a fi servite \u00eempreun\u0103 cu crema de caramel s\u0103rat \u2013 produs social<\/p>\r\n<p>Crem\u0103 de m\u00e2ini cu unt de shea \u0219i glicerin\u0103, 30 ml<\/p>\r\n<p>Cutie de carton craft cu banderol\u0103 personalizabil\u0103<\/p>","protected":false},"excerpt":{"rendered":"Cadoul con\u021bine: Vin alb spumant brut, Daos, Crama Bostavan, 750 ml Praline artizanale premium, din ciocolat\u0103 fin\u0103, belgian\u0103, cu diverse umpluturi,&#8230; <a class=\"view-article\" href=\"https:\/\/www.egoodies.ro\/martasgift\/rafinament-de-paste\/\">Vezi Articol<\/a>","protected":false},"featured_media":1198,"template":"","meta":{"_acf_changed":false},"product_brand":[],"product_cat":[25],"product_tag":[],"class_list":{"0":"post-1212","1":"product","2":"type-product","3":"status-publish","4":"has-post-thumbnail","6":"product_cat-cadouri-paste-2025","8":"first","9":"outofstock","10":"shipping-taxable","11":"purchasable","12":"product-type-simple"},"acf":[],"_links":{"self":[{"href":"https:\/\/www.egoodies.ro\/martasgift\/wp-json\/wp\/v2\/product\/1212","targetHints":{"allow":["GET"]}}],"collection":[{"href":"https:\/\/www.egoodies.ro\/martasgift\/wp-json\/wp\/v2\/product"}],"about":[{"href":"https:\/\/www.egoodies.ro\/martasgift\/wp-json\/wp\/v2\/types\/product"}],"wp:featuredmedia":[{"embeddable":true,"href":"https:\/\/www.egoodies.ro\/martasgift\/wp-json\/wp\/v2\/media\/1198"}],"wp:attachment":[{"href":"https:\/\/www.egoodies.ro\/martasgift\/wp-json\/wp\/v2\/media?parent=1212"}],"wp:term":[{"taxonomy":"product_brand","embeddable":true,"href":"https:\/\/www.egoodies.ro\/martasgift\/wp-json\/wp\/v2\/product_brand?post=1212"},{"taxonomy":"product_cat","embeddable":true,"href":"https:\/\/www.egoodies.ro\/martasgift\/wp-json\/wp\/v2\/product_cat?post=1212"},{"taxonomy":"product_tag","embeddable":true,"href":"https:\/\/www.egoodies.ro\/martasgift\/wp-json\/wp\/v2\/product_tag?post=1212"}],"curies":[{"name":"wp","href":"https:\/\/api.w.org\/{rel}","templated":true}]}}