{"id":1388,"date":"2023-03-08T20:53:28","date_gmt":"2023-03-08T20:53:28","guid":{"rendered":"https:\/\/www.egoodies.ro\/martasgift\/?post_type=product&#038;p=1388"},"modified":"2025-03-18T10:50:20","modified_gmt":"2025-03-18T10:50:20","slug":"cadou-cu-pasca","status":"publish","type":"product","link":"https:\/\/www.egoodies.ro\/martasgift\/cadou-cu-pasca\/","title":{"rendered":"Cadou cu pasc\u0103"},"content":{"rendered":"<p>Vin ro\u0219u, Feteasc\u0103 Neagr\u0103, Budureasca Premium, 700ml<\/p>\n<p>Pasc\u0103 artizanal\u0103 cu br\u00e2nz\u0103 \u0219i stafide, 500g (termen de valabilitate 15 zile)<\/p>\n<p>Mix de dulciuri \u00een cutie rotund\u0103, transparent\u0103 \u2013 fursecuri cu cocos, bomboane din biscui\u021bi, bomboane cu cocos, 250g<\/p>\n<p>Ou \u00eencondeiat \u00een ou din ceramic\u0103 neagr\u0103<\/p>\n<p>\u0218tergar cu motive tradi\u021bionale<\/p>\n<p>Cutie pentru cadou din carton craft (personalizabil\u0103 cu sticker pentru mai putin de 500 de buc\u0103\u021bi, personalizabil\u0103 full print pentru mai mult de 500 buc\u0103\u021bi)<\/p>\n","protected":false},"excerpt":{"rendered":"Vin ro\u0219u, Feteasc\u0103 Neagr\u0103, Budureasca Premium, 700ml Pasc\u0103 artizanal\u0103 cu br\u00e2nz\u0103 \u0219i stafide, 500g (termen de valabilitate 15 zile) Mix de&#8230; <a class=\"view-article\" href=\"https:\/\/www.egoodies.ro\/martasgift\/cadou-cu-pasca\/\">Vezi Articol<\/a>","protected":false},"featured_media":1378,"template":"","meta":{"_acf_changed":false},"product_brand":[],"product_cat":[25],"product_tag":[27,41,42,44,43,29,40],"class_list":{"0":"post-1388","1":"product","2":"type-product","3":"status-publish","4":"has-post-thumbnail","6":"product_cat-cadouri-paste-2025","7":"product_tag-cadou-corporate","8":"product_tag-cadou-corporate-paste","9":"product_tag-cadou-cozonac","10":"product_tag-cadou-pasca","11":"product_tag-cadou-paste-produse-romaesti","12":"product_tag-personalizare","13":"product_tag-produs-social","15":"first","16":"outofstock","17":"shipping-taxable","18":"purchasable","19":"product-type-simple"},"acf":[],"_links":{"self":[{"href":"https:\/\/www.egoodies.ro\/martasgift\/wp-json\/wp\/v2\/product\/1388","targetHints":{"allow":["GET"]}}],"collection":[{"href":"https:\/\/www.egoodies.ro\/martasgift\/wp-json\/wp\/v2\/product"}],"about":[{"href":"https:\/\/www.egoodies.ro\/martasgift\/wp-json\/wp\/v2\/types\/product"}],"wp:featuredmedia":[{"embeddable":true,"href":"https:\/\/www.egoodies.ro\/martasgift\/wp-json\/wp\/v2\/media\/1378"}],"wp:attachment":[{"href":"https:\/\/www.egoodies.ro\/martasgift\/wp-json\/wp\/v2\/media?parent=1388"}],"wp:term":[{"taxonomy":"product_brand","embeddable":true,"href":"https:\/\/www.egoodies.ro\/martasgift\/wp-json\/wp\/v2\/product_brand?post=1388"},{"taxonomy":"product_cat","embeddable":true,"href":"https:\/\/www.egoodies.ro\/martasgift\/wp-json\/wp\/v2\/product_cat?post=1388"},{"taxonomy":"product_tag","embeddable":true,"href":"https:\/\/www.egoodies.ro\/martasgift\/wp-json\/wp\/v2\/product_tag?post=1388"}],"curies":[{"name":"wp","href":"https:\/\/api.w.org\/{rel}","templated":true}]}}