{"id":1432,"date":"2025-09-01T06:08:30","date_gmt":"2025-09-01T06:08:30","guid":{"rendered":"https:\/\/www.egoodies.ro\/martasgift\/?post_type=product&#038;p=1432"},"modified":"2025-10-10T13:01:46","modified_gmt":"2025-10-10T13:01:46","slug":"savori-aromate","status":"publish","type":"product","link":"https:\/\/www.egoodies.ro\/martasgift\/savori-aromate\/","title":{"rendered":"Savori delicate"},"content":{"rendered":"<ul>\n<li>Vin ro\u0219u sec, Merlot, La Grande Colline, crama DFR (Domeniile Franco-Rom\u00e2ne), 750ml<\/li>\n<li>Fursecuri cu cocos, par\u021bial glazurate cu ciocolat\u0103, 200g<\/li>\n<li>Prune uscate cu glazur\u0103 de ciocolat\u0103, 100g<\/li>\n<li>Turt\u0103 dulce cu glazur\u0103 de vanilie, 115g<\/li>\n<li>Ciocolat\u0103 neagr\u0103 cu arom\u0103 de portocal\u0103 \u0219i cognac \u0219i portocal\u0103 liofilizat\u0103 \u2013 Ciocolat\u0103 de s\u0103rb\u0103toare, 80g<\/li>\n<li>Condimente pentru vin fiert \u00een borcan de sticl\u0103 \u2013 Bucurie, 50g<\/li>\n<li>Decora\u0163iune crengu\u021b\u0103 de brad cu scoru\u0219e \u0219i con, h: 20cm<\/li>\n<li>Cutie pentru cadou din carton craft (personalizabil\u0103 cu sticker pentru mai putin de 500 de buc\u0103\u021bi, personalizabil\u0103 full print pentru mai mult de 500 buc\u0103\u021bi)<\/li>\n<\/ul>\n","protected":false},"excerpt":{"rendered":"&nbsp;\r\n\r\n&nbsp;","protected":false},"featured_media":1429,"template":"","meta":{"_acf_changed":false},"product_brand":[],"product_cat":[26],"product_tag":[27,45,42,46,29],"class_list":{"0":"post-1432","1":"product","2":"type-product","3":"status-publish","4":"has-post-thumbnail","6":"product_cat-cadouri-craciun-2025","7":"product_tag-cadou-corporate","8":"product_tag-cadou-corporate-craciun","9":"product_tag-cadou-cozonac","10":"product_tag-cadou-craciun-produse-romanesti","11":"product_tag-personalizare","13":"first","14":"instock","15":"shipping-taxable","16":"purchasable","17":"product-type-simple"},"acf":[],"_links":{"self":[{"href":"https:\/\/www.egoodies.ro\/martasgift\/wp-json\/wp\/v2\/product\/1432","targetHints":{"allow":["GET"]}}],"collection":[{"href":"https:\/\/www.egoodies.ro\/martasgift\/wp-json\/wp\/v2\/product"}],"about":[{"href":"https:\/\/www.egoodies.ro\/martasgift\/wp-json\/wp\/v2\/types\/product"}],"wp:featuredmedia":[{"embeddable":true,"href":"https:\/\/www.egoodies.ro\/martasgift\/wp-json\/wp\/v2\/media\/1429"}],"wp:attachment":[{"href":"https:\/\/www.egoodies.ro\/martasgift\/wp-json\/wp\/v2\/media?parent=1432"}],"wp:term":[{"taxonomy":"product_brand","embeddable":true,"href":"https:\/\/www.egoodies.ro\/martasgift\/wp-json\/wp\/v2\/product_brand?post=1432"},{"taxonomy":"product_cat","embeddable":true,"href":"https:\/\/www.egoodies.ro\/martasgift\/wp-json\/wp\/v2\/product_cat?post=1432"},{"taxonomy":"product_tag","embeddable":true,"href":"https:\/\/www.egoodies.ro\/martasgift\/wp-json\/wp\/v2\/product_tag?post=1432"}],"curies":[{"name":"wp","href":"https:\/\/api.w.org\/{rel}","templated":true}]}}