{"id":1500,"date":"2023-10-17T08:05:29","date_gmt":"2023-10-17T08:05:29","guid":{"rendered":"https:\/\/www.egoodies.ro\/martasgift\/?post_type=product&#038;p=1500"},"modified":"2024-10-24T08:14:48","modified_gmt":"2024-10-24T08:14:48","slug":"rasfat-si-fapte-bune","status":"publish","type":"product","link":"https:\/\/www.egoodies.ro\/martasgift\/rasfat-si-fapte-bune\/","title":{"rendered":"R\u0103sf\u0103\u021b \u0219i fapte bune"},"content":{"rendered":"<ul>\n<li>Dulcea\u021b\u0103 de cire\u0219e negre, preparat\u0103 la ceaun, pe foc de lemne, dup\u0103 o re\u021bet\u0103 traditional\u0103, 380g<\/li>\n<li>Tablet\u0103 de ciocolat\u0103 de cas\u0103 cu nuci \u2013 Super Puteri, 250g<\/li>\n<li>Miere crem\u0103 cu scor\u021bi\u0219oar\u0103, 200g<\/li>\n<li>Turt\u0103 dulce artizanal\u0103, cu motive de Cr\u0103ciun, aprox. 120g (4 buc\u0103\u021bi), ambalat\u0103 \u00een cutie craft<\/li>\n<li>Batoane de ciocolat\u0103 \u0219i unt de arahide, 2 buc, 100g<\/li>\n<li>Biscuit fraged cu buc\u0103\u021bi de ciocolat\u0103, 50g<\/li>\n<li>Ciocolat\u0103 cald\u0103 pe b\u0103\u021b (ciocolat\u0103 neagr\u0103 \u0219i ghimbir), 30g<\/li>\n<li>Decora\u021biune pentru bradul de Cr\u0103ciun din produse reciclate \u2013 produs social<\/li>\n<li>Cutie pentru cadou din carton craft (personalizabil\u0103 cu sticker)<\/li>\n<\/ul>\n","protected":false},"excerpt":{"rendered":"&nbsp;\r\n\r\n&nbsp;","protected":false},"featured_media":1501,"template":"","meta":{"_acf_changed":false},"product_brand":[],"product_cat":[26],"product_tag":[45,46,29],"class_list":{"0":"post-1500","1":"product","2":"type-product","3":"status-publish","4":"has-post-thumbnail","6":"product_cat-cadouri-craciun-2025","7":"product_tag-cadou-corporate-craciun","8":"product_tag-cadou-craciun-produse-romanesti","9":"product_tag-personalizare","11":"first","12":"outofstock","13":"shipping-taxable","14":"purchasable","15":"product-type-simple"},"acf":[],"_links":{"self":[{"href":"https:\/\/www.egoodies.ro\/martasgift\/wp-json\/wp\/v2\/product\/1500","targetHints":{"allow":["GET"]}}],"collection":[{"href":"https:\/\/www.egoodies.ro\/martasgift\/wp-json\/wp\/v2\/product"}],"about":[{"href":"https:\/\/www.egoodies.ro\/martasgift\/wp-json\/wp\/v2\/types\/product"}],"wp:featuredmedia":[{"embeddable":true,"href":"https:\/\/www.egoodies.ro\/martasgift\/wp-json\/wp\/v2\/media\/1501"}],"wp:attachment":[{"href":"https:\/\/www.egoodies.ro\/martasgift\/wp-json\/wp\/v2\/media?parent=1500"}],"wp:term":[{"taxonomy":"product_brand","embeddable":true,"href":"https:\/\/www.egoodies.ro\/martasgift\/wp-json\/wp\/v2\/product_brand?post=1500"},{"taxonomy":"product_cat","embeddable":true,"href":"https:\/\/www.egoodies.ro\/martasgift\/wp-json\/wp\/v2\/product_cat?post=1500"},{"taxonomy":"product_tag","embeddable":true,"href":"https:\/\/www.egoodies.ro\/martasgift\/wp-json\/wp\/v2\/product_tag?post=1500"}],"curies":[{"name":"wp","href":"https:\/\/api.w.org\/{rel}","templated":true}]}}