{"id":1566,"date":"2024-03-26T20:04:31","date_gmt":"2024-03-26T20:04:31","guid":{"rendered":"https:\/\/www.egoodies.ro\/martasgift\/?post_type=product&#038;p=1566"},"modified":"2025-03-18T11:02:37","modified_gmt":"2025-03-18T11:02:37","slug":"cadou-paste-social","status":"publish","type":"product","link":"https:\/\/www.egoodies.ro\/martasgift\/cadou-paste-social\/","title":{"rendered":"Cadou Pa\u0219te social"},"content":{"rendered":"<p>Vin ro\u0219u sec, Merlot, Castel St\u00e2rmina, Vinarte<\/p>\n<p>Cozonac artizanal cu nuc\u0103 \u0219i cacao, 750g \u2013 produs social<\/p>\n<p>Ou natural de g\u0103in\u0103, \u00eencondeiat, tradi\u021bional (din zona Moldovei), \u00een \u0219ervet de bumbac<\/p>\n<p>Nuci tradi\u021bionale cu umplutur\u0103 de cacao, 130g<\/p>\n<p>Cutie pentru cadou din carton craft personalizabil\u0103 cu sticker<\/p>\n","protected":false},"excerpt":{"rendered":"&nbsp;\r\n\r\n&nbsp;","protected":false},"featured_media":1557,"template":"","meta":{"_acf_changed":false},"product_brand":[],"product_cat":[25],"product_tag":[41,53,54],"class_list":{"0":"post-1566","1":"product","2":"type-product","3":"status-publish","4":"has-post-thumbnail","6":"product_cat-cadouri-paste-2025","7":"product_tag-cadou-corporate-paste","8":"product_tag-cadou-paste","9":"product_tag-produse-artizanale","11":"first","12":"outofstock","13":"shipping-taxable","14":"purchasable","15":"product-type-simple"},"acf":[],"_links":{"self":[{"href":"https:\/\/www.egoodies.ro\/martasgift\/wp-json\/wp\/v2\/product\/1566","targetHints":{"allow":["GET"]}}],"collection":[{"href":"https:\/\/www.egoodies.ro\/martasgift\/wp-json\/wp\/v2\/product"}],"about":[{"href":"https:\/\/www.egoodies.ro\/martasgift\/wp-json\/wp\/v2\/types\/product"}],"wp:featuredmedia":[{"embeddable":true,"href":"https:\/\/www.egoodies.ro\/martasgift\/wp-json\/wp\/v2\/media\/1557"}],"wp:attachment":[{"href":"https:\/\/www.egoodies.ro\/martasgift\/wp-json\/wp\/v2\/media?parent=1566"}],"wp:term":[{"taxonomy":"product_brand","embeddable":true,"href":"https:\/\/www.egoodies.ro\/martasgift\/wp-json\/wp\/v2\/product_brand?post=1566"},{"taxonomy":"product_cat","embeddable":true,"href":"https:\/\/www.egoodies.ro\/martasgift\/wp-json\/wp\/v2\/product_cat?post=1566"},{"taxonomy":"product_tag","embeddable":true,"href":"https:\/\/www.egoodies.ro\/martasgift\/wp-json\/wp\/v2\/product_tag?post=1566"}],"curies":[{"name":"wp","href":"https:\/\/api.w.org\/{rel}","templated":true}]}}