{"id":1633,"date":"2024-10-23T10:58:58","date_gmt":"2024-10-23T10:58:58","guid":{"rendered":"https:\/\/www.egoodies.ro\/martasgift\/?post_type=product&#038;p=1633"},"modified":"2025-10-14T06:54:03","modified_gmt":"2025-10-14T06:54:03","slug":"craciun-jucaus-3","status":"publish","type":"product","link":"https:\/\/www.egoodies.ro\/martasgift\/craciun-jucaus-3\/","title":{"rendered":"Cr\u0103ciun juc\u0103u\u0219"},"content":{"rendered":"<ul>\n<li style=\"list-style-type: none;\">\n<ul>\n<li>Can\u0103 din ceramic\u0103, volum 200 ml<\/li>\n<li>C\u0103ciul\u0103 de elf, \u00eempletit\u0103<\/li>\n<li>Biscuiti crinkle cu cacao, 100g<\/li>\n<li>Biscui\u021bi cu unt, 100g<\/li>\n<li>Br\u0103du\u021b -turt\u0103 dulce cu glazur\u0103, 100g &#8211; produs social<\/li>\n<li>Ciocolat\u0103 cald\u0103 pe b\u0103\u021b (ciocolat\u0103 neagr\u0103 \u0219i ghimbir), 30g<\/li>\n<li>Cutie pentru cadou din carton craft, personalizabil\u0103 cu sticker<\/li>\n<\/ul>\n<\/li>\n<\/ul>\n","protected":false},"excerpt":{"rendered":"&nbsp;\r\n\r\n&nbsp;","protected":false},"featured_media":1632,"template":"","meta":{"_acf_changed":false},"product_brand":[],"product_cat":[26],"product_tag":[45,46,29],"class_list":{"0":"post-1633","1":"product","2":"type-product","3":"status-publish","4":"has-post-thumbnail","6":"product_cat-cadouri-craciun-2025","7":"product_tag-cadou-corporate-craciun","8":"product_tag-cadou-craciun-produse-romanesti","9":"product_tag-personalizare","11":"first","12":"outofstock","13":"shipping-taxable","14":"purchasable","15":"product-type-simple"},"acf":[],"_links":{"self":[{"href":"https:\/\/www.egoodies.ro\/martasgift\/wp-json\/wp\/v2\/product\/1633","targetHints":{"allow":["GET"]}}],"collection":[{"href":"https:\/\/www.egoodies.ro\/martasgift\/wp-json\/wp\/v2\/product"}],"about":[{"href":"https:\/\/www.egoodies.ro\/martasgift\/wp-json\/wp\/v2\/types\/product"}],"wp:featuredmedia":[{"embeddable":true,"href":"https:\/\/www.egoodies.ro\/martasgift\/wp-json\/wp\/v2\/media\/1632"}],"wp:attachment":[{"href":"https:\/\/www.egoodies.ro\/martasgift\/wp-json\/wp\/v2\/media?parent=1633"}],"wp:term":[{"taxonomy":"product_brand","embeddable":true,"href":"https:\/\/www.egoodies.ro\/martasgift\/wp-json\/wp\/v2\/product_brand?post=1633"},{"taxonomy":"product_cat","embeddable":true,"href":"https:\/\/www.egoodies.ro\/martasgift\/wp-json\/wp\/v2\/product_cat?post=1633"},{"taxonomy":"product_tag","embeddable":true,"href":"https:\/\/www.egoodies.ro\/martasgift\/wp-json\/wp\/v2\/product_tag?post=1633"}],"curies":[{"name":"wp","href":"https:\/\/api.w.org\/{rel}","templated":true}]}}