{"id":1640,"date":"2025-10-01T11:14:22","date_gmt":"2025-10-01T11:14:22","guid":{"rendered":"https:\/\/www.egoodies.ro\/martasgift\/?post_type=product&#038;p=1640"},"modified":"2025-10-10T13:16:49","modified_gmt":"2025-10-10T13:16:49","slug":"darul-lui-rudolf-3","status":"publish","type":"product","link":"https:\/\/www.egoodies.ro\/martasgift\/darul-lui-rudolf-3\/","title":{"rendered":"Darul lui Rudolf"},"content":{"rendered":"<ul>\n<li>Vin ro\u0219u sec, Rose, Domeniile Franco-Rom\u00e2ne, 750ml<\/li>\n<li>Fursecuri cu unt, scor\u021bi\u0219oar\u0103 \u0219i zah\u0103r cristalizat, \u00een form\u0103 de stelu\u021be, 150g \u2013 produs social<\/li>\n<li>Turt\u0103 dulce personalizat\u0103, \u00een cutie craft cu man\u0219on personalizabil, 100g &#8211; produs social<\/li>\n<li>Ciocolat\u0103 de cas\u0103 cu cacao \u00een ambalaj craft \u2013 model ren, 100g (sau ciocolat\u0103 alb\u0103 de cas\u0103 cu meri\u0219oare sau caise)<\/li>\n<li>Mini batoane de ciocolat\u0103 cu umplutur\u0103 de caramel, 250g<\/li>\n<li>Cutie pentru cadou din carton craft, cu panglic\u0103 asortat\u0103, personalizabil\u0103 cu tag<\/li>\n<\/ul>\n","protected":false},"excerpt":{"rendered":"&nbsp;\r\n\r\n&nbsp;","protected":false},"featured_media":1638,"template":"","meta":{"_acf_changed":false},"product_brand":[],"product_cat":[26],"product_tag":[45,46,29],"class_list":{"0":"post-1640","1":"product","2":"type-product","3":"status-publish","4":"has-post-thumbnail","6":"product_cat-cadouri-craciun-2025","7":"product_tag-cadou-corporate-craciun","8":"product_tag-cadou-craciun-produse-romanesti","9":"product_tag-personalizare","11":"first","12":"instock","13":"shipping-taxable","14":"purchasable","15":"product-type-simple"},"acf":[],"_links":{"self":[{"href":"https:\/\/www.egoodies.ro\/martasgift\/wp-json\/wp\/v2\/product\/1640","targetHints":{"allow":["GET"]}}],"collection":[{"href":"https:\/\/www.egoodies.ro\/martasgift\/wp-json\/wp\/v2\/product"}],"about":[{"href":"https:\/\/www.egoodies.ro\/martasgift\/wp-json\/wp\/v2\/types\/product"}],"wp:featuredmedia":[{"embeddable":true,"href":"https:\/\/www.egoodies.ro\/martasgift\/wp-json\/wp\/v2\/media\/1638"}],"wp:attachment":[{"href":"https:\/\/www.egoodies.ro\/martasgift\/wp-json\/wp\/v2\/media?parent=1640"}],"wp:term":[{"taxonomy":"product_brand","embeddable":true,"href":"https:\/\/www.egoodies.ro\/martasgift\/wp-json\/wp\/v2\/product_brand?post=1640"},{"taxonomy":"product_cat","embeddable":true,"href":"https:\/\/www.egoodies.ro\/martasgift\/wp-json\/wp\/v2\/product_cat?post=1640"},{"taxonomy":"product_tag","embeddable":true,"href":"https:\/\/www.egoodies.ro\/martasgift\/wp-json\/wp\/v2\/product_tag?post=1640"}],"curies":[{"name":"wp","href":"https:\/\/api.w.org\/{rel}","templated":true}]}}