{"id":1676,"date":"2025-03-18T11:58:49","date_gmt":"2025-03-18T11:58:49","guid":{"rendered":"https:\/\/www.egoodies.ro\/martasgift\/?post_type=product&#038;p=1676"},"modified":"2025-10-14T06:43:15","modified_gmt":"2025-10-14T06:43:15","slug":"primavara-insorita","status":"publish","type":"product","link":"https:\/\/www.egoodies.ro\/martasgift\/primavara-insorita\/","title":{"rendered":"Prim\u0103var\u0103 \u00eensorit\u0103"},"content":{"rendered":"<p style=\"text-align: left;\">Descriere con\u021binut pachet:<br \/>\n\u2022 Miere de tei, \u00een borcan de sticl\u0103, 250g<br \/>\n\u2022 Ceai in pauza, ananas, merisoare si menta, 10 plicuri, 43g<br \/>\n\u2022 Kit de plantare, floarea soarelui, (mini ghiveci de ceramic\u0103, 2 pastile de turb\u0103, plicule\u021b cu semin\u021be)<br \/>\n\u2022 Turt\u0103 dulce decorat\u0103 cu royal icing, model ou pascal, 150g<br \/>\n\u2022 Decora\u021biune lucrat\u0103 manual\u2013 iepura\u0219 din fetru<br \/>\n\u2022 Cutie de carton craft, personalizabil\u0103 cu logo \u0219i text<\/p>\n","protected":false},"excerpt":{"rendered":"Descriere con\u021binut pachet: \u2022 Miere de tei, \u00een borcan de sticl\u0103, 250g \u2022 Ceai in pauza, ananas, merisoare si menta, 10&#8230; <a class=\"view-article\" href=\"https:\/\/www.egoodies.ro\/martasgift\/primavara-insorita\/\">Vezi Articol<\/a>","protected":false},"featured_media":1677,"template":"","meta":{"_acf_changed":false},"product_brand":[],"product_cat":[25],"product_tag":[27,41,35,39,29,40],"class_list":{"0":"post-1676","1":"product","2":"type-product","3":"status-publish","4":"has-post-thumbnail","6":"product_cat-cadouri-paste-2025","7":"product_tag-cadou-corporate","8":"product_tag-cadou-corporate-paste","9":"product_tag-ciocolata-belgiana","10":"product_tag-martisor","11":"product_tag-personalizare","12":"product_tag-produs-social","14":"first","15":"outofstock","16":"shipping-taxable","17":"purchasable","18":"product-type-simple"},"acf":[],"_links":{"self":[{"href":"https:\/\/www.egoodies.ro\/martasgift\/wp-json\/wp\/v2\/product\/1676","targetHints":{"allow":["GET"]}}],"collection":[{"href":"https:\/\/www.egoodies.ro\/martasgift\/wp-json\/wp\/v2\/product"}],"about":[{"href":"https:\/\/www.egoodies.ro\/martasgift\/wp-json\/wp\/v2\/types\/product"}],"wp:featuredmedia":[{"embeddable":true,"href":"https:\/\/www.egoodies.ro\/martasgift\/wp-json\/wp\/v2\/media\/1677"}],"wp:attachment":[{"href":"https:\/\/www.egoodies.ro\/martasgift\/wp-json\/wp\/v2\/media?parent=1676"}],"wp:term":[{"taxonomy":"product_brand","embeddable":true,"href":"https:\/\/www.egoodies.ro\/martasgift\/wp-json\/wp\/v2\/product_brand?post=1676"},{"taxonomy":"product_cat","embeddable":true,"href":"https:\/\/www.egoodies.ro\/martasgift\/wp-json\/wp\/v2\/product_cat?post=1676"},{"taxonomy":"product_tag","embeddable":true,"href":"https:\/\/www.egoodies.ro\/martasgift\/wp-json\/wp\/v2\/product_tag?post=1676"}],"curies":[{"name":"wp","href":"https:\/\/api.w.org\/{rel}","templated":true}]}}