{"id":1702,"date":"2025-10-10T09:21:01","date_gmt":"2025-10-10T09:21:01","guid":{"rendered":"https:\/\/www.egoodies.ro\/martasgift\/?post_type=product&#038;p=1702"},"modified":"2025-10-13T08:07:19","modified_gmt":"2025-10-13T08:07:19","slug":"craciun-gurmand-2","status":"publish","type":"product","link":"https:\/\/www.egoodies.ro\/martasgift\/craciun-gurmand-2\/","title":{"rendered":"Cr\u0103ciun  gurmand"},"content":{"rendered":"<p>\u25cf Vin ro\u0219u, sec, Cabernet Sauvignon \u0219i Merlot, Hex, Negrini, 750 ml<br \/>\n\u25cf Cutie premium cu ciocolat\u0103 artizanal\u0103: 10 praline premium asortate, mendiants (discuri de ciocolat\u0103 neagr\u0103, alb\u0103, cu lapte, roz \u0219i fructe uscate\/ liofilizate, oleaginoase) \u0219i tablet\u0103 de ciocolat\u0103 alb\u0103, personalizabil\u0103 cu logo si text<br \/>\n\u25cf Crem\u0103 de alune de p\u0103dure ecologice, cu pudr\u0103 de cacao,f\u0103r\u0103 z\u0103h\u0103r (\u00eendulcit\u0103 cu pudr\u0103 de agave), 200g<\/p>\n<p>\u25cf Crem\u0103 din alune de p\u0103dure cu miere, 200g<\/p>\n<p>\u25cf Tablet\u0103 din cear\u0103 de soia (odorizant de camer\u0103), parfumat\u0103 cu ulei esen\u021bial de cui\u0219oare, scor\u021bi\u0219oar\u0103 \u0219i portocale \u0219i condimente: anason stelat, cui\u0219oare, cardamom, piper roz, 20g<br \/>\n\u25cf Cutie pentru cadou din carton craft (personalizabil\u0103 cu sticker pentru mai putin de 500 de buc\u0103\u021bi, personalizabil\u0103 full print pentru mai mult de 500 buc\u0103\u021bi)<\/p>\n","protected":false},"excerpt":{"rendered":"&nbsp;\r\n\r\n&nbsp;","protected":false},"featured_media":1794,"template":"","meta":{"_acf_changed":false},"product_brand":[],"product_cat":[26],"product_tag":[45,46,29],"class_list":{"0":"post-1702","1":"product","2":"type-product","3":"status-publish","4":"has-post-thumbnail","6":"product_cat-cadouri-craciun-2025","7":"product_tag-cadou-corporate-craciun","8":"product_tag-cadou-craciun-produse-romanesti","9":"product_tag-personalizare","11":"first","12":"instock","13":"shipping-taxable","14":"purchasable","15":"product-type-simple"},"acf":[],"_links":{"self":[{"href":"https:\/\/www.egoodies.ro\/martasgift\/wp-json\/wp\/v2\/product\/1702","targetHints":{"allow":["GET"]}}],"collection":[{"href":"https:\/\/www.egoodies.ro\/martasgift\/wp-json\/wp\/v2\/product"}],"about":[{"href":"https:\/\/www.egoodies.ro\/martasgift\/wp-json\/wp\/v2\/types\/product"}],"wp:featuredmedia":[{"embeddable":true,"href":"https:\/\/www.egoodies.ro\/martasgift\/wp-json\/wp\/v2\/media\/1794"}],"wp:attachment":[{"href":"https:\/\/www.egoodies.ro\/martasgift\/wp-json\/wp\/v2\/media?parent=1702"}],"wp:term":[{"taxonomy":"product_brand","embeddable":true,"href":"https:\/\/www.egoodies.ro\/martasgift\/wp-json\/wp\/v2\/product_brand?post=1702"},{"taxonomy":"product_cat","embeddable":true,"href":"https:\/\/www.egoodies.ro\/martasgift\/wp-json\/wp\/v2\/product_cat?post=1702"},{"taxonomy":"product_tag","embeddable":true,"href":"https:\/\/www.egoodies.ro\/martasgift\/wp-json\/wp\/v2\/product_tag?post=1702"}],"curies":[{"name":"wp","href":"https:\/\/api.w.org\/{rel}","templated":true}]}}