{"id":1732,"date":"2025-10-10T11:03:46","date_gmt":"2025-10-10T11:03:46","guid":{"rendered":"https:\/\/www.egoodies.ro\/martasgift\/?post_type=product&#038;p=1732"},"modified":"2025-10-13T07:59:29","modified_gmt":"2025-10-13T07:59:29","slug":"poveste-de-craciun-2","status":"publish","type":"product","link":"https:\/\/www.egoodies.ro\/martasgift\/poveste-de-craciun-2\/","title":{"rendered":"Poveste de Cr\u0103ciun"},"content":{"rendered":"<p>\u25cf Cutie premium cu ciocolat\u0103 artizanal\u0103: 6 praline din ciocolat\u0103 neagr\u0103 \u0219i crem\u0103 de portocale, buc\u0103\u021bi de ciocolat\u0103 cu lapte \u0219i alune de p\u0103dure caramelizate, buc\u0103\u021bi de ciocolat\u0103 cu condimente de Cr\u0103ciun, stafide \u0219i meri\u0219oare<br \/>\n\u25cf Can\u0103 din bambus \u0219i inox cu capac<br \/>\n\u25cf Crem\u0103 onctuoas\u0103 de caramel s\u0103rat, 200g<br \/>\n\u25cf Ceai de Cr\u0103ciun &#8211; rooibos turt\u0103 dulce, 50g<br \/>\n\u25cf Turt\u0103 dulce decorat\u0103 cu royal icing, model br\u0103du\u021bi, 150g<br \/>\n\u25cf Cutie pentru cadou din carton craft (personalizabil\u0103 cu sticker pentru mai putin de 500 de buc\u0103\u021bi, personalizabil\u0103 full print pentru mai mult de 500 buc\u0103\u021bi)<\/p>\n","protected":false},"excerpt":{"rendered":"&nbsp;\r\n\r\n&nbsp;","protected":false},"featured_media":1790,"template":"","meta":{"_acf_changed":false},"product_brand":[],"product_cat":[26],"product_tag":[45,46,29],"class_list":{"0":"post-1732","1":"product","2":"type-product","3":"status-publish","4":"has-post-thumbnail","6":"product_cat-cadouri-craciun-2025","7":"product_tag-cadou-corporate-craciun","8":"product_tag-cadou-craciun-produse-romanesti","9":"product_tag-personalizare","11":"first","12":"instock","13":"shipping-taxable","14":"purchasable","15":"product-type-simple"},"acf":[],"_links":{"self":[{"href":"https:\/\/www.egoodies.ro\/martasgift\/wp-json\/wp\/v2\/product\/1732","targetHints":{"allow":["GET"]}}],"collection":[{"href":"https:\/\/www.egoodies.ro\/martasgift\/wp-json\/wp\/v2\/product"}],"about":[{"href":"https:\/\/www.egoodies.ro\/martasgift\/wp-json\/wp\/v2\/types\/product"}],"wp:featuredmedia":[{"embeddable":true,"href":"https:\/\/www.egoodies.ro\/martasgift\/wp-json\/wp\/v2\/media\/1790"}],"wp:attachment":[{"href":"https:\/\/www.egoodies.ro\/martasgift\/wp-json\/wp\/v2\/media?parent=1732"}],"wp:term":[{"taxonomy":"product_brand","embeddable":true,"href":"https:\/\/www.egoodies.ro\/martasgift\/wp-json\/wp\/v2\/product_brand?post=1732"},{"taxonomy":"product_cat","embeddable":true,"href":"https:\/\/www.egoodies.ro\/martasgift\/wp-json\/wp\/v2\/product_cat?post=1732"},{"taxonomy":"product_tag","embeddable":true,"href":"https:\/\/www.egoodies.ro\/martasgift\/wp-json\/wp\/v2\/product_tag?post=1732"}],"curies":[{"name":"wp","href":"https:\/\/api.w.org\/{rel}","templated":true}]}}