{"id":1744,"date":"2025-10-10T11:42:20","date_gmt":"2025-10-10T11:42:20","guid":{"rendered":"https:\/\/www.egoodies.ro\/martasgift\/?post_type=product&#038;p=1744"},"modified":"2025-10-13T08:05:07","modified_gmt":"2025-10-13T08:05:07","slug":"craciunul-matinalilor","status":"publish","type":"product","link":"https:\/\/www.egoodies.ro\/martasgift\/craciunul-matinalilor\/","title":{"rendered":"Cr\u0103ciunul matinalilor"},"content":{"rendered":"<p>\u25cf Cafea m\u0103cinat\u0103 sau boabe Blend 7am (Brasil Santos, Ethiopia Yirgacheffe G2), 250g<br \/>\n\u25cf Chec cu l\u0103m\u00e2ie \u0219i mac cu decor de s\u0103rb\u0103toare, in t\u0103vi\u021b\u0103 de bambus, 300g<br \/>\n\u25cf Fursecuri de cocos, 150g<br \/>\n\u25cf Biscui\u021bi cu unt \u00een form\u0103 de c\u0103su\u021be, 100g<br \/>\n\u25cf Turt\u0103 dulce cu miere, decorat\u0103 manual, 50g<br \/>\n\u25cf Cutie pentru cadou din carton craft (personalizabil\u0103 cu sticker pentru mai putin de 500 de buc\u0103\u021bi, personalizabil\u0103 full print pentru mai mult de 500 buc\u0103\u021bi)<\/p>\n","protected":false},"excerpt":{"rendered":"&nbsp;\r\n\r\n&nbsp;","protected":false},"featured_media":1792,"template":"","meta":{"_acf_changed":false},"product_brand":[],"product_cat":[26],"product_tag":[45,46,29],"class_list":{"0":"post-1744","1":"product","2":"type-product","3":"status-publish","4":"has-post-thumbnail","6":"product_cat-cadouri-craciun-2025","7":"product_tag-cadou-corporate-craciun","8":"product_tag-cadou-craciun-produse-romanesti","9":"product_tag-personalizare","11":"first","12":"instock","13":"shipping-taxable","14":"purchasable","15":"product-type-simple"},"acf":[],"_links":{"self":[{"href":"https:\/\/www.egoodies.ro\/martasgift\/wp-json\/wp\/v2\/product\/1744","targetHints":{"allow":["GET"]}}],"collection":[{"href":"https:\/\/www.egoodies.ro\/martasgift\/wp-json\/wp\/v2\/product"}],"about":[{"href":"https:\/\/www.egoodies.ro\/martasgift\/wp-json\/wp\/v2\/types\/product"}],"wp:featuredmedia":[{"embeddable":true,"href":"https:\/\/www.egoodies.ro\/martasgift\/wp-json\/wp\/v2\/media\/1792"}],"wp:attachment":[{"href":"https:\/\/www.egoodies.ro\/martasgift\/wp-json\/wp\/v2\/media?parent=1744"}],"wp:term":[{"taxonomy":"product_brand","embeddable":true,"href":"https:\/\/www.egoodies.ro\/martasgift\/wp-json\/wp\/v2\/product_brand?post=1744"},{"taxonomy":"product_cat","embeddable":true,"href":"https:\/\/www.egoodies.ro\/martasgift\/wp-json\/wp\/v2\/product_cat?post=1744"},{"taxonomy":"product_tag","embeddable":true,"href":"https:\/\/www.egoodies.ro\/martasgift\/wp-json\/wp\/v2\/product_tag?post=1744"}],"curies":[{"name":"wp","href":"https:\/\/api.w.org\/{rel}","templated":true}]}}