{"id":1749,"date":"2025-10-10T12:34:27","date_gmt":"2025-10-10T12:34:27","guid":{"rendered":"https:\/\/www.egoodies.ro\/martasgift\/?post_type=product&#038;p=1749"},"modified":"2025-10-13T08:15:10","modified_gmt":"2025-10-13T08:15:10","slug":"traditii-de-craciun","status":"publish","type":"product","link":"https:\/\/www.egoodies.ro\/martasgift\/traditii-de-craciun\/","title":{"rendered":"Traditii de Cr\u0103ciun"},"content":{"rendered":"<p>\u25cf Vin ro\u0219u sec, Cuv\u00e9e rosu, cramele Vinarte DFR, 750ml<br \/>\n\u25cf Cozonac premium cu nuc\u0103, cacao \u0219i rahat, \u00een tavi\u021b\u0103 de bambus, 500g<br \/>\n\u25cf Turt\u0103 dulce personalizat\u0103, \u00een cutie craft cu man\u0219on personalizabil, 100g &#8211; produs social<br \/>\n\u25cf Tablet\u0103 de ciocolat\u0103 cu lapte \u0219i alune de p\u0103dure, 100g<br \/>\n\u25cf Decora\u021biune \u2013 glob din lemn, personalizabil cu logo\/tex<br \/>\n\u25cf Cutie pentru cadou din carton craft (personalizabil\u0103 cu sticker pentru mai putin de 500 de buc\u0103\u021bi, personalizabil\u0103 full print pentru mai mult de 500 buc\u0103\u021bi)<\/p>\n","protected":false},"excerpt":{"rendered":"&nbsp;\r\n\r\n&nbsp;","protected":false},"featured_media":1800,"template":"","meta":{"_acf_changed":false},"product_brand":[],"product_cat":[26],"product_tag":[45,46,29],"class_list":{"0":"post-1749","1":"product","2":"type-product","3":"status-publish","4":"has-post-thumbnail","6":"product_cat-cadouri-craciun-2025","7":"product_tag-cadou-corporate-craciun","8":"product_tag-cadou-craciun-produse-romanesti","9":"product_tag-personalizare","11":"first","12":"instock","13":"shipping-taxable","14":"purchasable","15":"product-type-simple"},"acf":[],"_links":{"self":[{"href":"https:\/\/www.egoodies.ro\/martasgift\/wp-json\/wp\/v2\/product\/1749","targetHints":{"allow":["GET"]}}],"collection":[{"href":"https:\/\/www.egoodies.ro\/martasgift\/wp-json\/wp\/v2\/product"}],"about":[{"href":"https:\/\/www.egoodies.ro\/martasgift\/wp-json\/wp\/v2\/types\/product"}],"wp:featuredmedia":[{"embeddable":true,"href":"https:\/\/www.egoodies.ro\/martasgift\/wp-json\/wp\/v2\/media\/1800"}],"wp:attachment":[{"href":"https:\/\/www.egoodies.ro\/martasgift\/wp-json\/wp\/v2\/media?parent=1749"}],"wp:term":[{"taxonomy":"product_brand","embeddable":true,"href":"https:\/\/www.egoodies.ro\/martasgift\/wp-json\/wp\/v2\/product_brand?post=1749"},{"taxonomy":"product_cat","embeddable":true,"href":"https:\/\/www.egoodies.ro\/martasgift\/wp-json\/wp\/v2\/product_cat?post=1749"},{"taxonomy":"product_tag","embeddable":true,"href":"https:\/\/www.egoodies.ro\/martasgift\/wp-json\/wp\/v2\/product_tag?post=1749"}],"curies":[{"name":"wp","href":"https:\/\/api.w.org\/{rel}","templated":true}]}}