{"id":1752,"date":"2025-10-10T12:53:27","date_gmt":"2025-10-10T12:53:27","guid":{"rendered":"https:\/\/www.egoodies.ro\/martasgift\/?post_type=product&#038;p=1752"},"modified":"2025-10-13T07:57:39","modified_gmt":"2025-10-13T07:57:39","slug":"clipe-de-rasfat-3","status":"publish","type":"product","link":"https:\/\/www.egoodies.ro\/martasgift\/clipe-de-rasfat-3\/","title":{"rendered":"Clipe de r\u0103sf\u0103t"},"content":{"rendered":"<p>\u25cf Ceai din plante de la munte (muguri de brad, muguri de pin, cimbri\u0219or s\u0103lbatic, flori de soc, afine, meri\u0219oare,<br \/>\nzmeur\u0103, coac\u0103ze negre, c\u0103tin\u0103, m\u0103ce\u0219e), 40 g<br \/>\n\u25cf Dulcea\u021b\u0103 de coac\u0103ze \u0219i ment\u0103, 200g<br \/>\n\u25cf Fursecuri de s\u0103rb\u0103toare: 2 buc\u0103\u021bi cu unt \u0219i gem, 2 buc\u0103\u021bi cu unt \u0219i glazur\u0103 din past\u0103 de zah\u0103r, \u00een cutie craft cu banderol\u0103<br \/>\n\u25cf Caramele moi cu semin\u021be de floarea-soarelui, 100g<br \/>\n\u25cf Ciocolat\u0103 alb\u0103 de cas\u0103 cu portocale, 100g<br \/>\n\u25cf Decora\u0163iune pentru bradul de Cr\u0103ciun \u2013 stelu\u021b\u0103 din lemn cu led<br \/>\n\u25cf Cutie pentru cadou din carton craft (personalizabil\u0103 cu tag)<\/p>\n","protected":false},"excerpt":{"rendered":"&nbsp;\r\n\r\n&nbsp;","protected":false},"featured_media":1789,"template":"","meta":{"_acf_changed":false},"product_brand":[],"product_cat":[26],"product_tag":[45,46,29],"class_list":{"0":"post-1752","1":"product","2":"type-product","3":"status-publish","4":"has-post-thumbnail","6":"product_cat-cadouri-craciun-2025","7":"product_tag-cadou-corporate-craciun","8":"product_tag-cadou-craciun-produse-romanesti","9":"product_tag-personalizare","11":"first","12":"instock","13":"shipping-taxable","14":"purchasable","15":"product-type-simple"},"acf":[],"_links":{"self":[{"href":"https:\/\/www.egoodies.ro\/martasgift\/wp-json\/wp\/v2\/product\/1752","targetHints":{"allow":["GET"]}}],"collection":[{"href":"https:\/\/www.egoodies.ro\/martasgift\/wp-json\/wp\/v2\/product"}],"about":[{"href":"https:\/\/www.egoodies.ro\/martasgift\/wp-json\/wp\/v2\/types\/product"}],"wp:featuredmedia":[{"embeddable":true,"href":"https:\/\/www.egoodies.ro\/martasgift\/wp-json\/wp\/v2\/media\/1789"}],"wp:attachment":[{"href":"https:\/\/www.egoodies.ro\/martasgift\/wp-json\/wp\/v2\/media?parent=1752"}],"wp:term":[{"taxonomy":"product_brand","embeddable":true,"href":"https:\/\/www.egoodies.ro\/martasgift\/wp-json\/wp\/v2\/product_brand?post=1752"},{"taxonomy":"product_cat","embeddable":true,"href":"https:\/\/www.egoodies.ro\/martasgift\/wp-json\/wp\/v2\/product_cat?post=1752"},{"taxonomy":"product_tag","embeddable":true,"href":"https:\/\/www.egoodies.ro\/martasgift\/wp-json\/wp\/v2\/product_tag?post=1752"}],"curies":[{"name":"wp","href":"https:\/\/api.w.org\/{rel}","templated":true}]}}