{"id":1754,"date":"2025-10-10T13:03:01","date_gmt":"2025-10-10T13:03:01","guid":{"rendered":"https:\/\/www.egoodies.ro\/martasgift\/?post_type=product&#038;p=1754"},"modified":"2025-10-13T08:48:07","modified_gmt":"2025-10-13T08:48:07","slug":"craciun-traditional-2","status":"publish","type":"product","link":"https:\/\/www.egoodies.ro\/martasgift\/craciun-traditional-2\/","title":{"rendered":"Cr\u0103ciun traditional"},"content":{"rendered":"<p>\u25cf Ciocolat\u0103 cald\u0103 cu arom\u0103 de portocale, 100 g<br \/>\n\u25cf Mini batoane de ciocolat\u0103 cu umplutur\u0103 de caramel, 250g<br \/>\n\u25cf Biscui\u021bi crocan\u021bi cu buc\u0103\u021bi de ciocolat\u0103, 180g<br \/>\n\u25cf Fursecuri semilun\u0103 par\u021bial glazurate, 130g<br \/>\n\u25cf Turt\u0103 dulce artizanal\u0103 cu miere, decorat\u0103 manual, model brad, 30g<br \/>\n\u25cf Turt\u0103 dulce artizanal\u0103 cu miere, decorat\u0103 manual, model stea, 30g<br \/>\n\u25cf Turt\u0103 dulce artizanal\u0103 cu miere, decorat\u0103 manual, model om de z\u0103pad\u0103, 60g<br \/>\n\u25cf Cutie pentru cadou din carton craft, personalizabil\u0103 cu sticker (personalizabil\u0103 cu sticker full print pentru o comand\u0103 de minimum 50 cadouri)<\/p>\n","protected":false},"excerpt":{"rendered":"&nbsp;\r\n\r\n&nbsp;","protected":false},"featured_media":1817,"template":"","meta":{"_acf_changed":false},"product_brand":[],"product_cat":[26],"product_tag":[45,46,29],"class_list":{"0":"post-1754","1":"product","2":"type-product","3":"status-publish","4":"has-post-thumbnail","6":"product_cat-cadouri-craciun-2025","7":"product_tag-cadou-corporate-craciun","8":"product_tag-cadou-craciun-produse-romanesti","9":"product_tag-personalizare","11":"first","12":"instock","13":"shipping-taxable","14":"purchasable","15":"product-type-simple"},"acf":[],"_links":{"self":[{"href":"https:\/\/www.egoodies.ro\/martasgift\/wp-json\/wp\/v2\/product\/1754","targetHints":{"allow":["GET"]}}],"collection":[{"href":"https:\/\/www.egoodies.ro\/martasgift\/wp-json\/wp\/v2\/product"}],"about":[{"href":"https:\/\/www.egoodies.ro\/martasgift\/wp-json\/wp\/v2\/types\/product"}],"wp:featuredmedia":[{"embeddable":true,"href":"https:\/\/www.egoodies.ro\/martasgift\/wp-json\/wp\/v2\/media\/1817"}],"wp:attachment":[{"href":"https:\/\/www.egoodies.ro\/martasgift\/wp-json\/wp\/v2\/media?parent=1754"}],"wp:term":[{"taxonomy":"product_brand","embeddable":true,"href":"https:\/\/www.egoodies.ro\/martasgift\/wp-json\/wp\/v2\/product_brand?post=1754"},{"taxonomy":"product_cat","embeddable":true,"href":"https:\/\/www.egoodies.ro\/martasgift\/wp-json\/wp\/v2\/product_cat?post=1754"},{"taxonomy":"product_tag","embeddable":true,"href":"https:\/\/www.egoodies.ro\/martasgift\/wp-json\/wp\/v2\/product_tag?post=1754"}],"curies":[{"name":"wp","href":"https:\/\/api.w.org\/{rel}","templated":true}]}}