{"id":1756,"date":"2025-10-10T13:08:52","date_gmt":"2025-10-10T13:08:52","guid":{"rendered":"https:\/\/www.egoodies.ro\/martasgift\/?post_type=product&#038;p=1756"},"modified":"2025-10-13T08:43:39","modified_gmt":"2025-10-13T08:43:39","slug":"timp-impreuna-3","status":"publish","type":"product","link":"https:\/\/www.egoodies.ro\/martasgift\/timp-impreuna-3\/","title":{"rendered":"Timp \u00eempreun\u0103"},"content":{"rendered":"<p>\u25cf Kit DIY de turt\u0103 dulce: Forme de inox, \u00een cutie de carton, 3 buc\u0103\u021bi<br \/>\n\u25cf Miere de tei bio, 200g<br \/>\n\u25cf Condimente pentru turt\u0103 dulce, 20g<br \/>\n\u25cf Re\u021bet\u0103 &#8211; cartolin\u0103 personalizabil\u0103 cu logo \u0219i text<br \/>\n\u25cf Tablet\u0103 de ciocolat\u0103 neagr\u0103 cu condimente de Cr\u0103ciun, 100g<br \/>\n\u25cf Ceai de brad, pere \u0219i prune \u2013 10 plicule\u021be \u0219i fructe uscate, 43g<br \/>\n\u25cf Cutie pentru cadou din carton craft, personalizabil\u0103 cu sticker (personalizabil\u0103 cu sticker full print pentru o comand\u0103 de minimum 50 cadouri)<\/p>\n","protected":false},"excerpt":{"rendered":"&nbsp;\r\n\r\n&nbsp;","protected":false},"featured_media":1813,"template":"","meta":{"_acf_changed":false},"product_brand":[],"product_cat":[26],"product_tag":[45,46,29],"class_list":{"0":"post-1756","1":"product","2":"type-product","3":"status-publish","4":"has-post-thumbnail","6":"product_cat-cadouri-craciun-2025","7":"product_tag-cadou-corporate-craciun","8":"product_tag-cadou-craciun-produse-romanesti","9":"product_tag-personalizare","11":"first","12":"instock","13":"shipping-taxable","14":"purchasable","15":"product-type-simple"},"acf":[],"_links":{"self":[{"href":"https:\/\/www.egoodies.ro\/martasgift\/wp-json\/wp\/v2\/product\/1756","targetHints":{"allow":["GET"]}}],"collection":[{"href":"https:\/\/www.egoodies.ro\/martasgift\/wp-json\/wp\/v2\/product"}],"about":[{"href":"https:\/\/www.egoodies.ro\/martasgift\/wp-json\/wp\/v2\/types\/product"}],"wp:featuredmedia":[{"embeddable":true,"href":"https:\/\/www.egoodies.ro\/martasgift\/wp-json\/wp\/v2\/media\/1813"}],"wp:attachment":[{"href":"https:\/\/www.egoodies.ro\/martasgift\/wp-json\/wp\/v2\/media?parent=1756"}],"wp:term":[{"taxonomy":"product_brand","embeddable":true,"href":"https:\/\/www.egoodies.ro\/martasgift\/wp-json\/wp\/v2\/product_brand?post=1756"},{"taxonomy":"product_cat","embeddable":true,"href":"https:\/\/www.egoodies.ro\/martasgift\/wp-json\/wp\/v2\/product_cat?post=1756"},{"taxonomy":"product_tag","embeddable":true,"href":"https:\/\/www.egoodies.ro\/martasgift\/wp-json\/wp\/v2\/product_tag?post=1756"}],"curies":[{"name":"wp","href":"https:\/\/api.w.org\/{rel}","templated":true}]}}