{"id":1758,"date":"2025-10-10T13:11:06","date_gmt":"2025-10-10T13:11:06","guid":{"rendered":"https:\/\/www.egoodies.ro\/martasgift\/?post_type=product&#038;p=1758"},"modified":"2025-10-13T08:46:19","modified_gmt":"2025-10-13T08:46:19","slug":"secretul-mosului-4","status":"publish","type":"product","link":"https:\/\/www.egoodies.ro\/martasgift\/secretul-mosului-4\/","title":{"rendered":"Secretul mo\u0219ului"},"content":{"rendered":"<p>\u25cf Praline de Cr\u0103ciun \u2013 praline artizanale din ciocolat\u0103 neagr\u0103 \u0219i crem\u0103 de portocale, 6 buc<br \/>\n\u25cf Mendiants din ciocolat\u0103 cu lapte, cu nuci \u0219i fructe uscate, 80g<br \/>\n\u25cf Biscui\u021bi cu unt \u0219i scor\u021bi\u0219oar\u0103, \u00een form\u0103 de c\u0103su\u021be 100g<br \/>\n\u25cf Marmelad\u0103 de l\u0103m\u00e2i (sau grapefruit), 200g<br \/>\n\u25cf Lum\u00e2nare din cear\u0103 natural\u0103 de albine, h: 6 cm<br \/>\n\u25cf Cutie pentru cadou din carton craft, cu panglic\u0103 asortat\u0103, personalizabil\u0103 cu tag<\/p>\n","protected":false},"excerpt":{"rendered":"&nbsp;\r\n\r\n&nbsp;","protected":false},"featured_media":1816,"template":"","meta":{"_acf_changed":false},"product_brand":[],"product_cat":[26],"product_tag":[45,46,29],"class_list":{"0":"post-1758","1":"product","2":"type-product","3":"status-publish","4":"has-post-thumbnail","6":"product_cat-cadouri-craciun-2025","7":"product_tag-cadou-corporate-craciun","8":"product_tag-cadou-craciun-produse-romanesti","9":"product_tag-personalizare","11":"first","12":"instock","13":"shipping-taxable","14":"purchasable","15":"product-type-simple"},"acf":[],"_links":{"self":[{"href":"https:\/\/www.egoodies.ro\/martasgift\/wp-json\/wp\/v2\/product\/1758","targetHints":{"allow":["GET"]}}],"collection":[{"href":"https:\/\/www.egoodies.ro\/martasgift\/wp-json\/wp\/v2\/product"}],"about":[{"href":"https:\/\/www.egoodies.ro\/martasgift\/wp-json\/wp\/v2\/types\/product"}],"wp:featuredmedia":[{"embeddable":true,"href":"https:\/\/www.egoodies.ro\/martasgift\/wp-json\/wp\/v2\/media\/1816"}],"wp:attachment":[{"href":"https:\/\/www.egoodies.ro\/martasgift\/wp-json\/wp\/v2\/media?parent=1758"}],"wp:term":[{"taxonomy":"product_brand","embeddable":true,"href":"https:\/\/www.egoodies.ro\/martasgift\/wp-json\/wp\/v2\/product_brand?post=1758"},{"taxonomy":"product_cat","embeddable":true,"href":"https:\/\/www.egoodies.ro\/martasgift\/wp-json\/wp\/v2\/product_cat?post=1758"},{"taxonomy":"product_tag","embeddable":true,"href":"https:\/\/www.egoodies.ro\/martasgift\/wp-json\/wp\/v2\/product_tag?post=1758"}],"curies":[{"name":"wp","href":"https:\/\/api.w.org\/{rel}","templated":true}]}}