{"id":1765,"date":"2025-10-10T13:34:28","date_gmt":"2025-10-10T13:34:28","guid":{"rendered":"https:\/\/www.egoodies.ro\/martasgift\/?post_type=product&#038;p=1765"},"modified":"2025-10-13T07:55:45","modified_gmt":"2025-10-13T07:55:45","slug":"o-brad-frumos","status":"publish","type":"product","link":"https:\/\/www.egoodies.ro\/martasgift\/o-brad-frumos\/","title":{"rendered":"O, brad frumos!"},"content":{"rendered":"<p>\u25cf Vin ro\u0219u sec, Merlot, crama DFR (Domeniile Franco-Rom\u00e2ne), 750ml<br \/>\n\u25cf Bucurie &#8211; condimente pentru vin fiert \u00een borcan de sticl\u0103 cu capac de lemn, 50g<br \/>\n\u25cf Turt\u0103 dulce cu glazur\u0103 de vanilie, 180g<br \/>\n\u25cf Halvi\u021b\u0103 cu alune \u0219i ciocolat\u0103, 150g<br \/>\n\u25cf Nuci tradi\u021bionale cu umplutur\u0103 de cacao \u00een ambalaj \u00een form\u0103 de brad, 130g<br \/>\n\u25cf Tablet\u0103 de ciocolat\u0103 cu lapte \u0219i alune de p\u0103dure, 100g<br \/>\n\u25cf Cutie pentru cadou din carton craft (personalizabil\u0103 cu sticker pentru mai putin de 500 de buc\u0103\u021bi, personalizabil\u0103 full print pentru mai mult de 500 buc\u0103\u021bi)<\/p>\n","protected":false},"excerpt":{"rendered":"&nbsp;\r\n\r\n&nbsp;","protected":false},"featured_media":1788,"template":"","meta":{"_acf_changed":false},"product_brand":[],"product_cat":[26],"product_tag":[45,46,29],"class_list":{"0":"post-1765","1":"product","2":"type-product","3":"status-publish","4":"has-post-thumbnail","6":"product_cat-cadouri-craciun-2025","7":"product_tag-cadou-corporate-craciun","8":"product_tag-cadou-craciun-produse-romanesti","9":"product_tag-personalizare","11":"first","12":"instock","13":"shipping-taxable","14":"purchasable","15":"product-type-simple"},"acf":[],"_links":{"self":[{"href":"https:\/\/www.egoodies.ro\/martasgift\/wp-json\/wp\/v2\/product\/1765","targetHints":{"allow":["GET"]}}],"collection":[{"href":"https:\/\/www.egoodies.ro\/martasgift\/wp-json\/wp\/v2\/product"}],"about":[{"href":"https:\/\/www.egoodies.ro\/martasgift\/wp-json\/wp\/v2\/types\/product"}],"wp:featuredmedia":[{"embeddable":true,"href":"https:\/\/www.egoodies.ro\/martasgift\/wp-json\/wp\/v2\/media\/1788"}],"wp:attachment":[{"href":"https:\/\/www.egoodies.ro\/martasgift\/wp-json\/wp\/v2\/media?parent=1765"}],"wp:term":[{"taxonomy":"product_brand","embeddable":true,"href":"https:\/\/www.egoodies.ro\/martasgift\/wp-json\/wp\/v2\/product_brand?post=1765"},{"taxonomy":"product_cat","embeddable":true,"href":"https:\/\/www.egoodies.ro\/martasgift\/wp-json\/wp\/v2\/product_cat?post=1765"},{"taxonomy":"product_tag","embeddable":true,"href":"https:\/\/www.egoodies.ro\/martasgift\/wp-json\/wp\/v2\/product_tag?post=1765"}],"curies":[{"name":"wp","href":"https:\/\/api.w.org\/{rel}","templated":true}]}}