{"id":1772,"date":"2025-10-10T13:54:52","date_gmt":"2025-10-10T13:54:52","guid":{"rendered":"https:\/\/www.egoodies.ro\/martasgift\/?post_type=product&#038;p=1772"},"modified":"2025-10-13T07:48:26","modified_gmt":"2025-10-13T07:48:26","slug":"sarbatori-parfumate","status":"publish","type":"product","link":"https:\/\/www.egoodies.ro\/martasgift\/sarbatori-parfumate\/","title":{"rendered":"S\u0103rb\u0103tori parfumate"},"content":{"rendered":"<p>\u25cf Turt\u0103 dulce artizanal\u0103, cu ghimbir \u0219i glazur\u0103 de l\u0103m\u00e2ie, 150g<br \/>\n\u25cf Fursecuri cu unt \u0219i scor\u021bi\u0219oar\u0103, 150g \u2013 produs social<br \/>\n\u25cf Tablet\u0103 din cear\u0103 de soia (odorizant de camer\u0103), parfumat\u0103 cu ulei esen\u021bial de cui\u0219oare, scor\u021bi\u0219oar\u0103 \u0219i portocale.<br \/>\nCondimente: anason stelat, cui\u0219oare, cardamom, piper roz. 1 buc (aprox. 20g)<br \/>\n\u25cf Crengu\u021b\u0103 de brad natural<br \/>\n\u25cf Cutie pentru cadou din carton craft (personalizabil\u0103 cu sticker full print pentru o comand\u0103 de minimum<br \/>\n50 cadouri)<\/p>\n","protected":false},"excerpt":{"rendered":"&nbsp;\r\n\r\n&nbsp;","protected":false},"featured_media":1783,"template":"","meta":{"_acf_changed":false},"product_brand":[],"product_cat":[26],"product_tag":[45,46,29],"class_list":{"0":"post-1772","1":"product","2":"type-product","3":"status-publish","4":"has-post-thumbnail","6":"product_cat-cadouri-craciun-2025","7":"product_tag-cadou-corporate-craciun","8":"product_tag-cadou-craciun-produse-romanesti","9":"product_tag-personalizare","11":"first","12":"instock","13":"shipping-taxable","14":"purchasable","15":"product-type-simple"},"acf":[],"_links":{"self":[{"href":"https:\/\/www.egoodies.ro\/martasgift\/wp-json\/wp\/v2\/product\/1772","targetHints":{"allow":["GET"]}}],"collection":[{"href":"https:\/\/www.egoodies.ro\/martasgift\/wp-json\/wp\/v2\/product"}],"about":[{"href":"https:\/\/www.egoodies.ro\/martasgift\/wp-json\/wp\/v2\/types\/product"}],"wp:featuredmedia":[{"embeddable":true,"href":"https:\/\/www.egoodies.ro\/martasgift\/wp-json\/wp\/v2\/media\/1783"}],"wp:attachment":[{"href":"https:\/\/www.egoodies.ro\/martasgift\/wp-json\/wp\/v2\/media?parent=1772"}],"wp:term":[{"taxonomy":"product_brand","embeddable":true,"href":"https:\/\/www.egoodies.ro\/martasgift\/wp-json\/wp\/v2\/product_brand?post=1772"},{"taxonomy":"product_cat","embeddable":true,"href":"https:\/\/www.egoodies.ro\/martasgift\/wp-json\/wp\/v2\/product_cat?post=1772"},{"taxonomy":"product_tag","embeddable":true,"href":"https:\/\/www.egoodies.ro\/martasgift\/wp-json\/wp\/v2\/product_tag?post=1772"}],"curies":[{"name":"wp","href":"https:\/\/api.w.org\/{rel}","templated":true}]}}