{"id":1808,"date":"2025-10-13T08:29:28","date_gmt":"2025-10-13T08:29:28","guid":{"rendered":"https:\/\/www.egoodies.ro\/martasgift\/?post_type=product&#038;p=1808"},"modified":"2025-10-13T08:31:29","modified_gmt":"2025-10-13T08:31:29","slug":"craciun-artistic-3","status":"publish","type":"product","link":"https:\/\/www.egoodies.ro\/martasgift\/craciun-artistic-3\/","title":{"rendered":"Cr\u0103ciun  artistic"},"content":{"rendered":"<p>\u25cf Crem\u0103 de alune de p\u0103dure ecologice, cu pudr\u0103 de cacao, f\u0103r\u0103 z\u0103h\u0103r (\u00eendulcit\u0103 cu pudr\u0103 de agave), 200g<br \/>\n\u25cf Pricomigdale, 150g \u2013 produs social<br \/>\n\u25cf Fursecuri cu unt, stelu\u021be, 150g \u2013 produs social<br \/>\n\u25cf Mini tablete de ciocolat\u0103 neagr\u0103 cu condimente de Cr\u0103ciun &#8211; Arome de Cr\u0103ciun, 80g<br \/>\n\u25cf Coroni\u0163\u0103 de Cr\u0103ciun din lemn, pictat\u0103 manual, 20cm<br \/>\n\u25cf Cutie pentru cadou din carton craft (personalizabil\u0103 cu sticker pentru mai putin de 500 de buc\u0103\u021bi, personalizabil\u0103 full print pentru mai mult de 500 buc\u0103\u021bi)<\/p>\n","protected":false},"excerpt":{"rendered":"&nbsp;\r\n\r\n&nbsp;","protected":false},"featured_media":1805,"template":"","meta":{"_acf_changed":false},"product_brand":[],"product_cat":[26],"product_tag":[45,46,29],"class_list":{"0":"post-1808","1":"product","2":"type-product","3":"status-publish","4":"has-post-thumbnail","6":"product_cat-cadouri-craciun-2025","7":"product_tag-cadou-corporate-craciun","8":"product_tag-cadou-craciun-produse-romanesti","9":"product_tag-personalizare","11":"first","12":"instock","13":"shipping-taxable","14":"purchasable","15":"product-type-simple"},"acf":[],"_links":{"self":[{"href":"https:\/\/www.egoodies.ro\/martasgift\/wp-json\/wp\/v2\/product\/1808","targetHints":{"allow":["GET"]}}],"collection":[{"href":"https:\/\/www.egoodies.ro\/martasgift\/wp-json\/wp\/v2\/product"}],"about":[{"href":"https:\/\/www.egoodies.ro\/martasgift\/wp-json\/wp\/v2\/types\/product"}],"wp:featuredmedia":[{"embeddable":true,"href":"https:\/\/www.egoodies.ro\/martasgift\/wp-json\/wp\/v2\/media\/1805"}],"wp:attachment":[{"href":"https:\/\/www.egoodies.ro\/martasgift\/wp-json\/wp\/v2\/media?parent=1808"}],"wp:term":[{"taxonomy":"product_brand","embeddable":true,"href":"https:\/\/www.egoodies.ro\/martasgift\/wp-json\/wp\/v2\/product_brand?post=1808"},{"taxonomy":"product_cat","embeddable":true,"href":"https:\/\/www.egoodies.ro\/martasgift\/wp-json\/wp\/v2\/product_cat?post=1808"},{"taxonomy":"product_tag","embeddable":true,"href":"https:\/\/www.egoodies.ro\/martasgift\/wp-json\/wp\/v2\/product_tag?post=1808"}],"curies":[{"name":"wp","href":"https:\/\/api.w.org\/{rel}","templated":true}]}}